{"id":3299,"date":"2023-11-06T16:16:32","date_gmt":"2023-11-06T15:16:32","guid":{"rendered":"https:\/\/colisee-group.com\/entreprise\/promesse\/"},"modified":"2024-03-01T11:21:37","modified_gmt":"2024-03-01T10:21:37","slug":"promise","status":"publish","type":"page","link":"https:\/\/www.colisee-group.com\/en\/essence\/promise\/","title":{"rendered":"Promise"},"content":{"rendered":"\n<h1 class=\"wp-block-heading has-plum-normal-color has-text-color\">Being <mark style=\"background-color:#571e31\" class=\"has-inline-color has-sand-normal-color\">Colisean.<\/mark> Revealing your potential.<\/h1>\n\n\n<section class=\"desktop-xl_height tablet-xl_height mobile-xs_height wp-block-colisee-block-blank-dividers\">\n<\/section>\n\n\n\n<hr class=\"wp-block-separator has-alpha-channel-opacity\" \/>\n\n\n<section class=\"desktop-l_height tablet-l_height mobile-l_height wp-block-colisee-block-blank-dividers\">\n<\/section>\n\n\n\n<h2 class=\"wp-block-heading has-plum-normal-color has-text-color has-link-color wp-elements-b69296794b3eeacf8058d0df64034a3b\">Being useful to society by revolutionising the senior care sector.<\/h2>\n\n\n<section class=\"desktop-l_height tablet-l_height mobile-hidden wp-block-colisee-block-blank-dividers\">\n<\/section>\n\n\n<section class=\"desktop-l_height tablet-l_height mobile-s_height wp-block-colisee-block-blank-dividers\">\n<\/section>\n\n\n<div class=\" colisee-group-block big-word wp-block-colisee-big-word has-text-color has-plum-normal-color has-background has-sand-normal-background-color\">\n\t\t<div class=\"big-word__word\">\n\t\t<figure>\n\t\t\t<svg width=\"1440\" height=\"261.57\" class=\"colisean\" viewBox=\"0 0 1440 261.57\" fill=\"none\" xmlns=\"http:\/\/www.w3.org\/2000\/svg\">\n  <path d=\"m125.88,261.57c-23.53,0-44.87-4.73-64.03-14.19-18.92-9.7-33.95-24.01-45.11-42.93C5.58,185.54,0,162.38,0,134.97c0-20.86,3.4-39.17,10.19-54.93,6.79-15.76,16.01-28.98,27.65-39.65,11.88-10.67,25.47-18.68,40.75-24.01,15.52-5.34,31.89-8,49.11-8,13.82,0,26.56,1.58,38.2,4.73,11.64,3.15,22.56,7.52,32.74,13.1l1.46,44.75h-3.64l-18.19-29.1c-2.43-4.61-5.09-8.73-8-12.37-2.91-3.88-6.55-6.79-10.91-8.73-3.64-1.7-7.28-2.91-10.91-3.64-3.4-.97-7.76-1.46-13.1-1.46-14.07,0-26.92,3.76-38.56,11.28-11.4,7.52-20.62,20.01-27.65,37.47-6.79,17.22-10.19,40.87-10.19,70.94s3.27,53.48,9.82,70.94c6.55,17.22,15.4,29.59,26.56,37.11,11.4,7.28,24.13,10.91,38.2,10.91,7.76,0,13.94-.49,18.55-1.46,4.61-1.21,9.22-2.91,13.82-5.09,4.61-1.94,8.12-4.73,10.55-8.37,2.43-3.88,4.61-8,6.55-12.37l16.01-35.65h3.64l-1.09,52.02c-10.19,5.34-21.59,9.7-34.2,13.1-12.61,3.4-26.44,5.09-41.47,5.09Z\" style=\"fill: #363636;\"\/>\n  <path d=\"m311.25,260.48c-18.43,0-34.44-3.76-48.02-11.28-13.58-7.76-24.13-18.68-31.65-32.74-7.28-14.07-10.91-30.56-10.91-49.48s3.88-35.29,11.64-49.11c8-13.82,18.8-24.5,32.38-32.01,13.82-7.52,29.35-11.28,46.57-11.28s32.62,3.76,46.2,11.28c13.58,7.28,24.25,17.83,32.01,31.65,8,13.82,12.01,30.32,12.01,49.48s-3.76,35.77-11.28,49.84c-7.28,13.82-17.7,24.62-31.29,32.38-13.34,7.52-29.23,11.28-47.66,11.28Zm0-7.28c8.49,0,15.28-2.43,20.37-7.28,5.09-4.85,8.73-13.46,10.91-25.83,2.42-12.37,3.64-29.83,3.64-52.39s-1.21-40.38-3.64-52.75c-2.18-12.37-5.82-20.98-10.91-25.83-5.09-4.85-11.89-7.28-20.37-7.28s-15.4,2.43-20.74,7.28c-5.09,4.85-8.85,13.46-11.28,25.83-2.18,12.37-3.27,29.95-3.27,52.75s1.09,40.02,3.27,52.39c2.42,12.37,6.18,20.98,11.28,25.83,5.34,4.85,12.25,7.28,20.74,7.28Z\" style=\"fill: #363636;\"\/>\n  <path d=\"m417.12,255.03v-3.64l4.37-1.46c8.73-2.91,13.1-8.97,13.1-18.19V37.11c0-4.85-.97-8.49-2.91-10.91-1.94-2.67-5.34-4.61-10.19-5.82l-4.73-1.09v-3.64L483.33,0l4.37,3.27-1.46,50.93v151.34c.24,8.73.36,17.46.36,26.19,0,4.85.97,8.85,2.91,12.01,1.94,2.91,5.21,5.09,9.82,6.55l4.73,1.09v3.64h-86.95Z\" style=\"fill: #363636;\"\/>\n  <path d=\"m563.78,55.66c-8.25,0-15.28-2.55-21.1-7.64-5.58-5.34-8.37-12.01-8.37-20.01s2.79-14.92,8.37-20.01c5.82-5.09,12.85-7.64,21.1-7.64s15.16,2.55,20.74,7.64c5.58,5.09,8.37,11.76,8.37,20.01s-2.79,14.67-8.37,20.01c-5.58,5.09-12.49,7.64-20.74,7.64Zm-42.93,199.36v-3.64l5.09-1.46c4.85-1.46,8.12-3.64,9.82-6.55,1.94-2.91,2.91-6.79,2.91-11.64v-113.87c0-5.09-.97-8.85-2.91-11.28-1.7-2.67-4.97-4.49-9.82-5.46l-5.09-1.09v-3.64l66.58-21.46,3.64,3.64-1.09,51.66v101.87c0,4.85.85,8.73,2.55,11.64,1.94,2.91,5.22,5.09,9.82,6.55l3.64,1.09v3.64h-85.13Z\" style=\"fill: #363636;\"\/>\n  <path d=\"m685.03,260.48c-11.88,0-22.56-1.45-32.01-4.37-9.46-2.67-18.19-6.06-26.19-10.19l.36-43.29h3.64l12.37,21.83c5.34,9.7,11.16,16.98,17.46,21.83,6.55,4.61,14.79,6.91,24.74,6.91,11.64,0,20.98-2.55,28.01-7.64,7.28-5.34,10.91-12.37,10.91-21.1,0-8-2.55-14.55-7.64-19.65-5.09-5.09-14.55-9.7-28.38-13.82l-15.28-4.73c-14.79-4.37-26.44-11.16-34.92-20.37s-12.73-20.49-12.73-33.83c0-16.01,6.31-29.59,18.92-40.75,12.61-11.16,30.68-16.73,54.21-16.73,9.46,0,18.31,1.09,26.56,3.27,8.49,1.94,16.61,4.97,24.38,9.1l-2.18,39.29h-3.64l-12.73-22.56c-4.61-8-9.22-13.58-13.83-16.74-4.36-3.4-11.04-5.09-20.01-5.09-8.25,0-16.01,2.3-23.28,6.91s-10.91,11.16-10.91,19.65,3.03,14.79,9.09,19.65c6.31,4.85,15.52,9.34,27.65,13.46l16.37,4.73c17.46,5.34,29.95,12.73,37.47,22.19,7.52,9.22,11.28,20.37,11.28,33.47,0,17.71-7.03,31.89-21.1,42.57-13.83,10.67-33.35,16.01-58.57,16.01Z\" style=\"fill: #363636;\"\/>\n  <path d=\"m871.86,74.58c15.76,0,29.23,3.27,40.38,9.82,11.16,6.31,19.64,15.04,25.47,26.19,6.06,10.91,9.09,23.41,9.09,37.47,0,2.67-.12,5.46-.36,8.37-.24,2.67-.73,5.09-1.45,7.28h-108.41c.24,26.19,4.85,45.11,13.82,56.75,9.22,11.4,22.8,17.1,40.75,17.1,12.13,0,21.95-1.94,29.47-5.82,7.52-3.88,14.55-9.58,21.1-17.1l3.64,3.27c-7.52,13.34-17.58,23.77-30.2,31.29-12.37,7.52-27.28,11.28-44.75,11.28s-32.5-3.64-45.84-10.91c-13.34-7.52-23.77-18.19-31.29-32.01-7.52-13.82-11.28-30.32-11.28-49.48s4.37-36.74,13.1-50.57c8.73-14.07,19.89-24.74,33.47-32.01,13.82-7.28,28.25-10.91,43.29-10.91Zm-1.09,7.28c-7.03,0-13.1,2.18-18.19,6.55-4.85,4.12-8.73,11.64-11.64,22.56-2.67,10.67-4.12,25.83-4.36,45.47h62.21c2.42-26.44,1.45-45.47-2.91-57.12-4.36-11.64-12.73-17.46-25.1-17.46Z\" style=\"fill: #363636;\"\/>\n  <path d=\"m1016.62,260.48c-14.06,0-25.95-4-35.65-12.01-9.46-8-14.19-19.52-14.19-34.56,0-11.4,5.82-21.83,17.46-31.29,11.64-9.7,29.95-16.98,54.93-21.83,3.88-.73,8.25-1.46,13.1-2.18,4.85-.97,9.94-1.94,15.28-2.91v-28.74c0-16.49-2.06-28.01-6.19-34.56-3.88-6.79-10.06-10.19-18.55-10.19-5.82,0-10.43,1.94-13.83,5.82-3.39,3.64-5.57,10.07-6.54,19.28l-.73,4c-.49,10.43-3.03,18.07-7.64,22.92-4.61,4.85-10.31,7.28-17.1,7.28-6.31,0-11.52-1.94-15.64-5.82-4.12-3.88-6.18-9.1-6.18-15.64,0-9.94,3.4-18.31,10.19-25.1,7.03-6.79,16.25-11.88,27.65-15.28,11.4-3.4,23.76-5.09,37.1-5.09,21.59,0,38.2,5.34,49.85,16.01,11.88,10.43,17.82,27.53,17.82,51.3v80.4c0,10.91,5.09,16.37,15.28,16.37h8.01l3.27,2.91c-4.61,5.82-9.7,10.31-15.28,13.46-5.34,3.15-12.98,4.73-22.92,4.73-10.67,0-19.16-2.43-25.47-7.28-6.06-5.09-10.06-11.76-12-20.01-7.28,7.76-14.8,14.43-22.56,20.01-7.52,5.34-17.34,8-29.47,8Zm22.2-22.19c4.85,0,9.33-1.09,13.46-3.27,4.36-2.43,9.46-6.06,15.28-10.91v-61.12c-2.43.49-4.85.97-7.28,1.46-2.42.49-5.21.97-8.37,1.46-11.15,2.91-20.13,7.88-26.92,14.92-6.55,6.79-9.82,16.01-9.82,27.65,0,9.94,2.3,17.46,6.91,22.56,4.61,4.85,10.19,7.28,16.74,7.28Z\" style=\"fill: #363636;\"\/>\n  <path d=\"m1151.1,255.03v-3.64l5.09-1.46c8.49-2.43,12.73-8.37,12.73-17.83v-113.87c0-5.34-.85-9.22-2.55-11.64-1.69-2.67-4.97-4.49-9.82-5.46l-5.45-1.46v-3.64l62.21-21.1,3.63,3.64,2.91,21.83c8.49-7.52,18.07-13.7,28.74-18.55,10.68-4.85,21.23-7.28,31.66-7.28,16,0,28.25,4.37,36.74,13.1,8.73,8.73,13.1,22.07,13.1,40.02v104.78c0,9.46,4.6,15.4,13.82,17.83l3.27,1.09v3.64h-85.85v-3.64l4.73-1.46c8.49-2.67,12.73-8.61,12.73-17.83v-116.05c0-15.52-7.76-23.28-23.28-23.28-10.68,0-22.32,5.34-34.93,16.01v123.69c0,9.46,4.25,15.4,12.73,17.83l3.28,1.09v3.64h-85.49Z\" style=\"fill: #363636;\"\/>\n  <path d=\"m1408.71,260.48c-8.73,0-16.13-3.03-22.19-9.1-6.06-6.06-9.09-13.34-9.09-21.83s3.03-15.89,9.09-22.19c6.06-6.31,13.46-9.46,22.19-9.46s16.13,3.15,22.2,9.46c6.06,6.31,9.09,13.7,9.09,22.19s-3.03,15.76-9.09,21.83c-6.07,6.06-13.47,9.1-22.2,9.1Z\" style=\"fill: #363636;\"\/>\n<\/svg>\t\t<\/figure>\n\t<\/div>\n<\/div>\n\n<section class=\"desktop-xl_height tablet-xl_height mobile-s_height wp-block-colisee-block-blank-dividers\">\n<\/section>\n\n\n<div\n\tclass=\"right paragraph-right colisee-group-block paragraph wp-block-colisee-paragraph has-text-color has-plum-normal-color\">\n\t<p>Every day, we try to rethink the senior living sector to create environments in which seniors \u2013 who are Mentors for us \u2013 can express their individuality. And in which our employees \u2013 Talents in our eyes \u2013 can reveal their full potential.<br><br>We build Communities in which Talents and Mentors share their lives and experiences. Rather than welcoming people at the &#8220;end of life&#8221;, we welcome people to live their life. We create spaces where everyone can share, be respected and feel valued, <strong>free to make their own choices<\/strong>.<br><br>We give Mentors and Talents the means to reveal their full potential together, while preserving and strengthening intergenerational ties.<br><br>This is the promise we make to our Talents and Mentors.<br><br><strong><strong>\u00catre Soi. Pleinement.<\/strong><\/strong>*<br><sup>*<sub>Be fully Yourself.<\/sub><\/sup><\/p>\n<\/div>\n\n\n<section class=\"desktop-xl_height tablet-xl_height mobile-l_height wp-block-colisee-block-blank-dividers\">\n<\/section>\n\n\n\n<hr class=\"wp-block-separator has-alpha-channel-opacity\" \/>\n\n\n\t<div class=\"wp-block-colisee-cols-text has-background has-sand-normal-background-color\">\t\t\n\t\t<div class=\"cols-text\">\n\t\t\t<div class=\"cols-text__col cols-text__col--left\">\n\t\t\t\t\t\t\t\t\t<div>\n\t\t\t\t\t\t<mark class=\"has-inline-color has-plum-normal-color\">Colis\u00e9e.<\/mark>\t\t\t\t\t\t<span>Embodying a new vision.<\/span>\n\t\t\t\t\t<\/div>\n\t\t\t\t\t\t\t<\/div>\n\t\t\t<div class=\"cols-text__col cols-text__col--right\">\n\t\t\t\t\t\t\t\t\t<p>\n\t\t\t\t\t\t<mark style=\"background-color:#571e31\" class=\"has-inline-color has-sand-normal-color\">You&#8217;re more than a professional, you&#8217;re the Talent.<br><\/mark><mark class=\"has-inline-color has-plum-normal-color\">Being someone with their own history and personality traits, as opposed to merely a body.<\/mark><br><mark class=\"has-inline-color has-plum-normal-color\">Thriving<\/mark> <mark class=\"has-inline-color has-plum-normal-color\">alongside Talents, as opposed to being &#8220;assisted.&#8221;<\/mark><br>\t\t\t\t\t<\/p>\n\t\t\t\t\t\t\t<\/div>\n\t\t<\/div>\n\t<\/div>\n\n\n    <div class=\"block-gut image-full is-variation-1\" class=\"wp-block-colisee-image\">\n        \n<figure class=\"image-full__figure image-full__figure--1\">\n    <img decoding=\"async\" src=\"https:\/\/colisee-group.com\/wp-content\/uploads\/sites\/3\/2023\/11\/L1100334_B-scaled.jpg\" alt=\"\">\n\n                    <div class=\"image-full__figure-text\">\n            <mark style=\"background-color:#eee6d7\" class=\"has-inline-color has-plum-normal-color\">I am Colisean.<\/mark>        <\/div>\n    <\/figure>\n    <\/div>\n\n\n\n<div class=\"wp-block-columns columns-style-2\">\n<div class=\"wp-block-column columns-style-2-vide\" style=\"flex-basis:33.33%\"><\/div>\n\n\n\n<div class=\"wp-block-column\" style=\"flex-basis:66.66%\">\n<h2 class=\"wp-block-heading has-text-align-right has-plum-normal-color has-text-color\"><strong>Placing Mentors and Talents at the heart of our promise.<\/strong><\/h2>\n\n\n<section class=\"desktop-xs_height tablet-xs_height mobile-xs_height wp-block-colisee-block-blank-dividers\">\n<\/section>\n\n\n<div\n\tclass=\"right paragraph-right colisee-group-block paragraph wp-block-colisee-paragraph has-text-color has-plum-normal-color\">\n\t<p>Revolutionising the sector means enabling our Mentors to choose and empowering our Talents to <strong>fully participate in this transformation.<\/strong><br><strong><br>Together, they are the Colisean<\/strong> <strong>Community.<\/strong><\/p>\n<\/div>\n<\/div>\n<\/div>\n\n\n\n<hr class=\"wp-block-separator has-alpha-channel-opacity\" \/>\n\n\n\t<div class=\"wp-block-colisee-cols-text has-background has-sand-normal-background-color\">\t\t\n\t\t<div class=\"cols-text\">\n\t\t\t<div class=\"cols-text__col cols-text__col--left\">\n\t\t\t\t\t\t\t\t\t<div>\n\t\t\t\t\t\t<mark class=\"has-inline-color has-plum-normal-color\">Colis\u00e9e.<\/mark>\t\t\t\t\t\t<span>Embracing new encounters <br>and sharing.<\/span>\n\t\t\t\t\t<\/div>\n\t\t\t\t\t\t\t<\/div>\n\t\t\t<div class=\"cols-text__col cols-text__col--right\">\n\t\t\t\t\t\t\t\t\t<p>\n\t\t\t\t\t\t<mark style=\"background-color:#571e31\" class=\"has-inline-color has-sand-normal-color\">You&#8217;re more than a senior, you&#8217;re a Mentor.<br><\/mark><mark class=\"has-inline-color has-plum-normal-color\">Having a unique personality, way of being, and passions, and being a valued Community member.<\/mark><br><mark class=\"has-inline-color has-plum-normal-color\">Feeling fulfilled by your work every day, as opposed to just &#8220;coming to work&#8221;.<br>Thriving alongside Mentors, as opposed to simply &#8220;assisting&#8221;.<\/mark>\t\t\t\t\t<\/p>\n\t\t\t\t\t\t\t<\/div>\n\t\t<\/div>\n\t<\/div>\n\n\n    <div class=\"block-gut image-full is-variation-1\" class=\"wp-block-colisee-image\">\n        \n<figure class=\"image-full__figure image-full__figure--1\">\n    <img decoding=\"async\" src=\"https:\/\/colisee-group.com\/wp-content\/uploads\/sites\/3\/2023\/11\/L1080168_C-scaled-e1700488819838.jpg\" alt=\"Talent dansant en face d'un Mentor\">\n\n                    <div class=\"image-full__figure-text\">\n            <mark style=\"background-color:#571e31\" class=\"has-inline-color has-sand-normal-color\">I am Colisean.<\/mark>        <\/div>\n    <\/figure>\n    <\/div>\n\n\n\n<hr class=\"wp-block-separator has-alpha-channel-opacity\" \/>\n\n\n<section class=\"desktop-l_height tablet-l_height mobile-l_height wp-block-colisee-block-blank-dividers\">\n<\/section>\n\n\n\n<h2 class=\"wp-block-heading\">Dive deeper<\/h2>\n\n\n<section class=\"desktop-s_height tablet-s_height mobile-s_height wp-block-colisee-block-blank-dividers\">\n<\/section>\n\n\n\n\n\t\t\t<h2 class=\"block-gut wp-block-colisee-btn-link content-is-btn-4\">\n\t\t\t\n\t\t    <a href=\"https:\/\/colisee-group.com\/en\/entreprise\/history\/\" class=\"btn btn-4\"   >\n        <span class=\"label\">\n            History.        <\/span>\n    <\/a>\n    \n\n\t\t\t<\/h2>\n\t\n\n\n\n\t\t\t<h2 class=\"block-gut wp-block-colisee-btn-link content-is-btn-4\">\n\t\t\t\n\t\t    <a href=\"https:\/\/colisee-group.com\/en\/entreprise\/governance\/\" class=\"btn btn-4\"   >\n        <span class=\"label\">\n            Governance.        <\/span>\n    <\/a>\n    \n\n\t\t\t<\/h2>\n\t\n\n<section class=\"desktop-xl_height tablet-xl_height mobile-l_height wp-block-colisee-block-blank-dividers\">\n<\/section>\n","protected":false},"excerpt":{"rendered":"<p>Being Colisean. Revealing your potential. Being useful to society by revolutionising the senior care sector. Placing Mentors and Talents at the heart of our promise. Dive deeper<\/p>\n","protected":false},"author":10,"featured_media":0,"parent":1082,"menu_order":0,"comment_status":"closed","ping_status":"closed","template":"","meta":{"_acf_changed":false,"_relevanssi_hide_post":"","_relevanssi_hide_content":"","_relevanssi_pin_for_all":"","_relevanssi_pin_keywords":"","_relevanssi_unpin_keywords":"","_relevanssi_related_keywords":"","_relevanssi_related_include_ids":"","_relevanssi_related_exclude_ids":"","_relevanssi_related_no_append":"","_relevanssi_related_not_related":"","_relevanssi_related_posts":"","_relevanssi_noindex_reason":"","footnotes":""},"class_list":["post-3299","page","type-page","status-publish","hentry"],"acf":[],"yoast_head":"<!-- This site is optimized with the Yoast SEO plugin v27.5 - https:\/\/yoast.com\/product\/yoast-seo-wordpress\/ -->\n<title>Enabling and empowering seniors \u2013 Colis\u00e9e Group<\/title>\n<meta name=\"description\" content=\"Colis\u00e9e&#039;s promise is embodied in its signature. Being yourself. Fully . Together, Seniors and Talents form the Colis\u00e9e Community.\" \/>\n<meta name=\"robots\" content=\"index, follow, max-snippet:-1, max-image-preview:large, max-video-preview:-1\" \/>\n<link rel=\"canonical\" href=\"https:\/\/www.colisee-group.com\/en\/essence\/promise\/\" \/>\n<meta property=\"og:locale\" content=\"en_US\" \/>\n<meta property=\"og:type\" content=\"article\" \/>\n<meta property=\"og:title\" content=\"Enabling and empowering seniors \u2013 Colis\u00e9e Group\" \/>\n<meta property=\"og:description\" content=\"Colis\u00e9e&#039;s promise is embodied in its signature. Being yourself. Fully . Together, Seniors and Talents form the Colis\u00e9e Community.\" \/>\n<meta property=\"og:url\" content=\"https:\/\/www.colisee-group.com\/en\/essence\/promise\/\" \/>\n<meta property=\"og:site_name\" content=\"Colis\u00e9e Groupe\" \/>\n<meta property=\"article:modified_time\" content=\"2024-03-01T10:21:37+00:00\" \/>\n<meta name=\"twitter:card\" content=\"summary_large_image\" \/>\n<meta name=\"twitter:label1\" content=\"Est. reading time\" \/>\n\t<meta name=\"twitter:data1\" content=\"1 minute\" \/>\n<script type=\"application\/ld+json\" class=\"yoast-schema-graph\">{\"@context\":\"https:\\\/\\\/schema.org\",\"@graph\":[{\"@type\":\"WebPage\",\"@id\":\"https:\\\/\\\/www.colisee-group.com\\\/en\\\/essence\\\/promise\\\/\",\"url\":\"https:\\\/\\\/www.colisee-group.com\\\/en\\\/essence\\\/promise\\\/\",\"name\":\"Enabling and empowering seniors \u2013 Colis\u00e9e Group\",\"isPartOf\":{\"@id\":\"https:\\\/\\\/www.colisee-group.com\\\/en\\\/#website\"},\"datePublished\":\"2023-11-06T15:16:32+00:00\",\"dateModified\":\"2024-03-01T10:21:37+00:00\",\"description\":\"Colis\u00e9e's promise is embodied in its signature. Being yourself. Fully . Together, Seniors and Talents form the Colis\u00e9e Community.\",\"breadcrumb\":{\"@id\":\"https:\\\/\\\/www.colisee-group.com\\\/en\\\/essence\\\/promise\\\/#breadcrumb\"},\"inLanguage\":\"en-US\",\"potentialAction\":[{\"@type\":\"ReadAction\",\"target\":[\"https:\\\/\\\/www.colisee-group.com\\\/en\\\/essence\\\/promise\\\/\"]}]},{\"@type\":\"BreadcrumbList\",\"@id\":\"https:\\\/\\\/www.colisee-group.com\\\/en\\\/essence\\\/promise\\\/#breadcrumb\",\"itemListElement\":[{\"@type\":\"ListItem\",\"position\":1,\"name\":\"Home\",\"item\":\"https:\\\/\\\/www.colisee-group.com\\\/en\\\/\"},{\"@type\":\"ListItem\",\"position\":2,\"name\":\"Essence\",\"item\":\"https:\\\/\\\/www.colisee-group.com\\\/en\\\/essence\\\/\"},{\"@type\":\"ListItem\",\"position\":3,\"name\":\"Promise\"}]},{\"@type\":\"WebSite\",\"@id\":\"https:\\\/\\\/www.colisee-group.com\\\/en\\\/#website\",\"url\":\"https:\\\/\\\/www.colisee-group.com\\\/en\\\/\",\"name\":\"Colis\u00e9e Group\",\"description\":\"\",\"publisher\":{\"@id\":\"https:\\\/\\\/www.colisee-group.com\\\/en\\\/#organization\"},\"potentialAction\":[{\"@type\":\"SearchAction\",\"target\":{\"@type\":\"EntryPoint\",\"urlTemplate\":\"https:\\\/\\\/www.colisee-group.com\\\/en\\\/?s={search_term_string}\"},\"query-input\":{\"@type\":\"PropertyValueSpecification\",\"valueRequired\":true,\"valueName\":\"search_term_string\"}}],\"inLanguage\":\"en-US\"},{\"@type\":\"Organization\",\"@id\":\"https:\\\/\\\/www.colisee-group.com\\\/en\\\/#organization\",\"name\":\"Colis\u00e9e Group\",\"url\":\"https:\\\/\\\/www.colisee-group.com\\\/en\\\/\",\"logo\":{\"@type\":\"ImageObject\",\"inLanguage\":\"en-US\",\"@id\":\"https:\\\/\\\/www.colisee-group.com\\\/en\\\/#\\\/schema\\\/logo\\\/image\\\/\",\"url\":\"https:\\\/\\\/colisee-group.com\\\/wp-content\\\/uploads\\\/sites\\\/3\\\/2023\\\/10\\\/logo-colisee-baseline.png\",\"contentUrl\":\"https:\\\/\\\/colisee-group.com\\\/wp-content\\\/uploads\\\/sites\\\/3\\\/2023\\\/10\\\/logo-colisee-baseline.png\",\"width\":1151,\"height\":294,\"caption\":\"Colis\u00e9e Group\"},\"image\":{\"@id\":\"https:\\\/\\\/www.colisee-group.com\\\/en\\\/#\\\/schema\\\/logo\\\/image\\\/\"}}]}<\/script>\n<!-- \/ Yoast SEO plugin. -->","yoast_head_json":{"title":"Enabling and empowering seniors \u2013 Colis\u00e9e Group","description":"Colis\u00e9e's promise is embodied in its signature. Being yourself. Fully . Together, Seniors and Talents form the Colis\u00e9e Community.","robots":{"index":"index","follow":"follow","max-snippet":"max-snippet:-1","max-image-preview":"max-image-preview:large","max-video-preview":"max-video-preview:-1"},"canonical":"https:\/\/www.colisee-group.com\/en\/essence\/promise\/","og_locale":"en_US","og_type":"article","og_title":"Enabling and empowering seniors \u2013 Colis\u00e9e Group","og_description":"Colis\u00e9e's promise is embodied in its signature. Being yourself. Fully . Together, Seniors and Talents form the Colis\u00e9e Community.","og_url":"https:\/\/www.colisee-group.com\/en\/essence\/promise\/","og_site_name":"Colis\u00e9e Groupe","article_modified_time":"2024-03-01T10:21:37+00:00","twitter_card":"summary_large_image","twitter_misc":{"Est. reading time":"1 minute"},"schema":{"@context":"https:\/\/schema.org","@graph":[{"@type":"WebPage","@id":"https:\/\/www.colisee-group.com\/en\/essence\/promise\/","url":"https:\/\/www.colisee-group.com\/en\/essence\/promise\/","name":"Enabling and empowering seniors \u2013 Colis\u00e9e Group","isPartOf":{"@id":"https:\/\/www.colisee-group.com\/en\/#website"},"datePublished":"2023-11-06T15:16:32+00:00","dateModified":"2024-03-01T10:21:37+00:00","description":"Colis\u00e9e's promise is embodied in its signature. Being yourself. Fully . Together, Seniors and Talents form the Colis\u00e9e Community.","breadcrumb":{"@id":"https:\/\/www.colisee-group.com\/en\/essence\/promise\/#breadcrumb"},"inLanguage":"en-US","potentialAction":[{"@type":"ReadAction","target":["https:\/\/www.colisee-group.com\/en\/essence\/promise\/"]}]},{"@type":"BreadcrumbList","@id":"https:\/\/www.colisee-group.com\/en\/essence\/promise\/#breadcrumb","itemListElement":[{"@type":"ListItem","position":1,"name":"Home","item":"https:\/\/www.colisee-group.com\/en\/"},{"@type":"ListItem","position":2,"name":"Essence","item":"https:\/\/www.colisee-group.com\/en\/essence\/"},{"@type":"ListItem","position":3,"name":"Promise"}]},{"@type":"WebSite","@id":"https:\/\/www.colisee-group.com\/en\/#website","url":"https:\/\/www.colisee-group.com\/en\/","name":"Colis\u00e9e Group","description":"","publisher":{"@id":"https:\/\/www.colisee-group.com\/en\/#organization"},"potentialAction":[{"@type":"SearchAction","target":{"@type":"EntryPoint","urlTemplate":"https:\/\/www.colisee-group.com\/en\/?s={search_term_string}"},"query-input":{"@type":"PropertyValueSpecification","valueRequired":true,"valueName":"search_term_string"}}],"inLanguage":"en-US"},{"@type":"Organization","@id":"https:\/\/www.colisee-group.com\/en\/#organization","name":"Colis\u00e9e Group","url":"https:\/\/www.colisee-group.com\/en\/","logo":{"@type":"ImageObject","inLanguage":"en-US","@id":"https:\/\/www.colisee-group.com\/en\/#\/schema\/logo\/image\/","url":"https:\/\/colisee-group.com\/wp-content\/uploads\/sites\/3\/2023\/10\/logo-colisee-baseline.png","contentUrl":"https:\/\/colisee-group.com\/wp-content\/uploads\/sites\/3\/2023\/10\/logo-colisee-baseline.png","width":1151,"height":294,"caption":"Colis\u00e9e Group"},"image":{"@id":"https:\/\/www.colisee-group.com\/en\/#\/schema\/logo\/image\/"}}]}},"_links":{"self":[{"href":"https:\/\/www.colisee-group.com\/en\/wp-json\/wp\/v2\/pages\/3299","targetHints":{"allow":["GET"]}}],"collection":[{"href":"https:\/\/www.colisee-group.com\/en\/wp-json\/wp\/v2\/pages"}],"about":[{"href":"https:\/\/www.colisee-group.com\/en\/wp-json\/wp\/v2\/types\/page"}],"author":[{"embeddable":true,"href":"https:\/\/www.colisee-group.com\/en\/wp-json\/wp\/v2\/users\/10"}],"replies":[{"embeddable":true,"href":"https:\/\/www.colisee-group.com\/en\/wp-json\/wp\/v2\/comments?post=3299"}],"version-history":[{"count":31,"href":"https:\/\/www.colisee-group.com\/en\/wp-json\/wp\/v2\/pages\/3299\/revisions"}],"predecessor-version":[{"id":3889,"href":"https:\/\/www.colisee-group.com\/en\/wp-json\/wp\/v2\/pages\/3299\/revisions\/3889"}],"up":[{"embeddable":true,"href":"https:\/\/www.colisee-group.com\/en\/wp-json\/wp\/v2\/pages\/1082"}],"wp:attachment":[{"href":"https:\/\/www.colisee-group.com\/en\/wp-json\/wp\/v2\/media?parent=3299"}],"curies":[{"name":"wp","href":"https:\/\/api.w.org\/{rel}","templated":true}]}}