{"id":1090,"date":"2023-09-11T14:18:30","date_gmt":"2023-09-11T12:18:30","guid":{"rendered":"https:\/\/colisee-group.com\/mentions-legales\/"},"modified":"2024-05-03T16:13:42","modified_gmt":"2024-05-03T14:13:42","slug":"legal","status":"publish","type":"page","link":"https:\/\/www.colisee-group.com\/en\/legal\/","title":{"rendered":"Legal"},"content":{"rendered":"\n<h1 class=\"wp-block-heading has-blue-normal-color has-text-color\"><mark style=\"background-color:#383b71\" class=\"has-inline-color has-yellow-normal-color\">Legal.<\/mark><\/h1>\n\n\n<section class=\"desktop-xl_height tablet-xl_height mobile-xs_height wp-block-colisee-block-blank-dividers\">\n<\/section>\n\n\n\n<hr class=\"wp-block-separator has-alpha-channel-opacity\"\/>\n\n\n<section class=\"desktop-xl_height tablet-xl_height mobile-l_height wp-block-colisee-block-blank-dividers\">\n<\/section>\n\n\n<div class=\"arrow-down colisee-group-block bold-title wp-block-colisee-bold-title has-text-color has-blue-normal-color\"><h2 >Site publisher<span class=\"title-arrow\"><\/span><\/h2><\/div>\n\n<section class=\"desktop-s_height tablet-s_height mobile-s_height wp-block-colisee-block-blank-dividers\">\n<\/section>\n\n\n<div\n\tclass=\"left paragraph-left colisee-group-block paragraph wp-block-colisee-paragraph has-text-color has-blue-normal-color\">\n\t<p>This site is published by COLISEE GROUP, Soci\u00e9t\u00e9 par actions simplifi\u00e9e (SAS, \u201csimplified joint-stock company\u201d), with a share capital of 1.358.324.396,59 euros with its head office at 68 Rue Pierre Charron, 75008 Paris, France, registered with the Paris Company Registery under the number 888 238 250 and European VAT number FR : 20888238250. For all suggestions, information or reactions to this site, please contact the webmaster via the contact form\u00a0<a href=\"https:\/\/colisee-group.com\/en\/contact\/contact-colisee\/\">here<\/a>.<\/p>\n<\/div>\n\n\n<section class=\"desktop-s_height tablet-s_height mobile-s_height wp-block-colisee-block-blank-dividers\">\n<\/section>\n\n\n<div class=\"arrow-down colisee-group-block bold-title wp-block-colisee-bold-title has-text-color has-blue-normal-color\"><h2 >Publication manager<span class=\"title-arrow\"><\/span><\/h2><\/div>\n\n<section class=\"desktop-s_height tablet-s_height mobile-s_height wp-block-colisee-block-blank-dividers\">\n<\/section>\n\n\n<div\n\tclass=\"left paragraph-left colisee-group-block paragraph wp-block-colisee-paragraph has-text-color has-blue-normal-color\">\n\t<p>Christine Jeandel \u2013 Director General<\/p>\n<\/div>\n\n\n<section class=\"desktop-s_height tablet-s_height mobile-s_height wp-block-colisee-block-blank-dividers\">\n<\/section>\n\n\n<div class=\"arrow-down colisee-group-block bold-title wp-block-colisee-bold-title has-text-color has-blue-normal-color\"><h2 >Conception, creation and realisation<span class=\"title-arrow\"><\/span><\/h2><\/div>\n\n<section class=\"desktop-s_height tablet-s_height mobile-s_height wp-block-colisee-block-blank-dividers\">\n<\/section>\n\n\n<div\n\tclass=\"left paragraph-left colisee-group-block paragraph wp-block-colisee-paragraph has-text-color has-blue-normal-color\">\n\t<p><a href=\"https:\/\/www.niji.fr\/fr\/\" target=\"_blank\" rel=\"noreferrer noopener\">Niji<\/a><\/p>\n<\/div>\n\n\n<section class=\"desktop-s_height tablet-s_height mobile-s_height wp-block-colisee-block-blank-dividers\">\n<\/section>\n\n\n<div class=\"arrow-down colisee-group-block bold-title wp-block-colisee-bold-title has-text-color has-blue-normal-color\"><h2 >Hosting<span class=\"title-arrow\"><\/span><\/h2><\/div>\n\n<section class=\"desktop-s_height tablet-s_height mobile-s_height wp-block-colisee-block-blank-dividers\">\n<\/section>\n\n\n<div\n\tclass=\"left paragraph-left colisee-group-block paragraph wp-block-colisee-paragraph has-text-color has-blue-normal-color\">\n\t<p>This site is hosted by : OVH Cloud<br>SAS (\u201csimplified joint-stock\u201d) with a share capital of 10 069 020 euros<br>RCS Lille M\u00e9tropole 424 761 419 00045<br>APE Code 2620Z<br>VAT Number : FR 22 424 761 419<br>Head Office : 2 rue Kellermann \u2013 59100 Roubaix \u2013 France<\/p>\n<\/div>\n\n\n<section class=\"desktop-s_height tablet-s_height mobile-s_height wp-block-colisee-block-blank-dividers\">\n<\/section>\n\n\n<div class=\"arrow-down colisee-group-block bold-title wp-block-colisee-bold-title has-text-color has-blue-normal-color\"><h2 >Photos<span class=\"title-arrow\"><\/span><\/h2><\/div>\n\n<section class=\"desktop-s_height tablet-s_height mobile-s_height wp-block-colisee-block-blank-dividers\">\n<\/section>\n\n\n<div\n\tclass=\"left paragraph-left colisee-group-block paragraph wp-block-colisee-paragraph has-text-color has-blue-normal-color\">\n\t<p>The photos displayed on the <a href=\"http:\/\/www.colis\u00e9e-group.com\">colisee-group.com<\/a> site were produced by the photographer TEY\u00c9 Teajay Lee on behalf of Colis\u00e9e and Colis\u00e9e has the exclusive rights.<\/p>\n<\/div>\n\n\n<section class=\"desktop-s_height tablet-s_height mobile-s_height wp-block-colisee-block-blank-dividers\">\n<\/section>\n\n\n<div class=\"arrow-down colisee-group-block bold-title wp-block-colisee-bold-title has-text-color has-blue-normal-color\"><h2 >Conditions of use<span class=\"title-arrow\"><\/span><\/h2><\/div>\n\n<section class=\"desktop-s_height tablet-s_height mobile-s_height wp-block-colisee-block-blank-dividers\">\n<\/section>\n\n\n<div\n\tclass=\"left paragraph-left colisee-group-block paragraph wp-block-colisee-paragraph has-text-color has-blue-normal-color\">\n\t<p>By continuing to use this site and the information it contains, users acknowledge having read and accepted the following legal terms and conditions.<br>This site is designed to provide general information about the business of Colis\u00e9e and its facilities. Our Group cannot guarantee that the information contained on this site is exact, precise or complete, including that concerning our facilities. It is users\u2019 responsibility to contact the facility or agency managers or the head office of Colis\u00e9e to check any information.<br>Despite the care taken in presenting this information, Colis\u00e9e may not be held responsible for any errors or omissions regarding the information presented on this site.<br>Colis\u00e9e may not be held responsible for the interpretation of the information presented on this site or for the consequences from its use.<br>Colis\u00e9e reserves the right to alter the content of this site, when it so deems necessary, at any time and without prior notice.<\/p>\n<\/div>\n\n\n<section class=\"desktop-s_height tablet-s_height mobile-s_height wp-block-colisee-block-blank-dividers\">\n<\/section>\n\n\n<div class=\"arrow-down colisee-group-block bold-title wp-block-colisee-bold-title has-text-color has-blue-normal-color\"><h2 >Intellectual property<span class=\"title-arrow\"><\/span><\/h2><\/div>\n\n<section class=\"desktop-s_height tablet-s_height mobile-s_height wp-block-colisee-block-blank-dividers\">\n<\/section>\n\n\n<div\n\tclass=\"left paragraph-left colisee-group-block paragraph wp-block-colisee-paragraph has-text-color has-blue-normal-color\">\n\t<p>Unless otherwise stated, the intellectual property rights of the documents on this site and each of the components created for this site are the exclusive property of Colis\u00e9e. The reproduction of any of the documents published on this site is exclusively authorised for information and personal and private use only; any reproduction and use of copies for any other purposes is expressly forbidden.<br>The provisions of Articles L. 122-5.2 and 3 of the French law on intellectual property only authorise, on the one hand \u201ccopies or reproductions strictly reserved for the personal use of the person making the copy and not intended for any collective use\u201d, and on the other hand, \u201canalysis and short quotations\u201d for the purposes of examples or illustration; \u201cany complete or partial representation or reproduction made without the author or its representatives or assignees\u2019 authorisation is illegal\u201d (Art. L. 122-4). This representation or reproduction, by any means whatsoever, shall therefore de deemed counterfeit punishable in accordance with the provisions of Articles L. 335-2 ff of the French law on intellectual property.<br><\/p>\n<\/div>\n\n\n<section class=\"desktop-s_height tablet-s_height mobile-s_height wp-block-colisee-block-blank-dividers\">\n<\/section>\n\n\n<div class=\"arrow-down colisee-group-block bold-title wp-block-colisee-bold-title has-text-color has-blue-normal-color\"><h2 >Database<span class=\"title-arrow\"><\/span><\/h2><\/div>\n\n<section class=\"desktop-s_height tablet-s_height mobile-s_height wp-block-colisee-block-blank-dividers\">\n<\/section>\n\n\n<div\n\tclass=\"left paragraph-left colisee-group-block paragraph wp-block-colisee-paragraph has-text-color has-blue-normal-color\">\n\t<p>By accessing this site, you acknowledge that the data it contains is protected by law, and, in accordance with the provisions of French Law No 98 536 of 1 July 1998, you may not extract, reuse, store, reproduce, represent or retain, directly or indirectly, on any medium, by any means or in any form whatsoever, qualitatively or quantitatively, all or any substantial part of the content of the database on this site which you are accessing or extract or repeatedly and systematically use quantitatively or qualitatively any non-substantial parts when such operations manifestly exceed the condition for normal use.<\/p>\n<\/div>\n\n\n<section class=\"desktop-s_height tablet-s_height mobile-s_height wp-block-colisee-block-blank-dividers\">\n<\/section>\n\n\n<div class=\"arrow-down colisee-group-block bold-title wp-block-colisee-bold-title has-text-color has-blue-normal-color\"><h2 >Information technology and freedom of the individual<span class=\"title-arrow\"><\/span><\/h2><\/div>\n\n<section class=\"desktop-s_height tablet-s_height mobile-s_height wp-block-colisee-block-blank-dividers\">\n<\/section>\n\n\n<div\n\tclass=\"left paragraph-left colisee-group-block paragraph wp-block-colisee-paragraph has-text-color has-blue-normal-color\">\n\t<p><a href=\"https:\/\/colisee-group.com\/en\/general-personal-data-protection-policy\/\" data-type=\"link\" data-id=\"https:\/\/colisee-group.com\/en\/general-personal-data-protection-policy\/\">General personal date protection policy<\/a>\u00a0\/\u00a0<a href=\"https:\/\/colisee-group.com\/en\/data-protection-charter\/\" data-type=\"link\" data-id=\"https:\/\/colisee-group.com\/en\/data-protection-charter\/\">Data protection charter<\/a><br>In accordance with the French law on information technology and freedom of the individual dated 6 January 1978, you may access, have corrected or deleted any of your personal information; similarly, you may prevent the site from saving any cookies on your computer by configuring your browser accordingly.<br>You can access your personal information by emailing:\u00a0<a href=\"mailto:dpo@groupecolisee.com\">dpo@groupecolisee.com<\/a><\/p>\n<\/div>\n\n\n<section class=\"desktop-s_height tablet-s_height mobile-s_height wp-block-colisee-block-blank-dividers\">\n<\/section>\n\n\n<div class=\"arrow-down colisee-group-block bold-title wp-block-colisee-bold-title has-text-color has-blue-normal-color\"><h2 >Hypertext links<span class=\"title-arrow\"><\/span><\/h2><\/div>\n\n<section class=\"desktop-s_height tablet-s_height mobile-s_height wp-block-colisee-block-blank-dividers\">\n<\/section>\n\n\n<div\n\tclass=\"left paragraph-left colisee-group-block paragraph wp-block-colisee-paragraph has-text-color has-blue-normal-color\">\n\t<p>Colis\u00e9e is not responsible for the content of websites accessible from this site via hypertext links or other means. The fact that a link is present on this site does not mean that Colis\u00e9e takes responsibility for the content of any other such site, or the services or products it may contain. Users of the site may not add a hyperlink to this site without the prior express written authorisation of Colis\u00e9e.<\/p>\n<\/div>\n\n\n<section class=\"desktop-xl_height tablet-xl_height mobile-l_height wp-block-colisee-block-blank-dividers\">\n<\/section>\n","protected":false},"excerpt":{"rendered":"<p>Legal.<\/p>\n","protected":false},"author":1,"featured_media":0,"parent":0,"menu_order":0,"comment_status":"closed","ping_status":"closed","template":"legal-page.php","meta":{"_acf_changed":false,"_relevanssi_hide_post":"","_relevanssi_hide_content":"","_relevanssi_pin_for_all":"","_relevanssi_pin_keywords":"","_relevanssi_unpin_keywords":"","_relevanssi_related_keywords":"","_relevanssi_related_include_ids":"","_relevanssi_related_exclude_ids":"","_relevanssi_related_no_append":"","_relevanssi_related_not_related":"","_relevanssi_related_posts":"","_relevanssi_noindex_reason":"","footnotes":""},"class_list":["post-1090","page","type-page","status-publish","hentry"],"acf":[],"yoast_head":"<!-- This site is optimized with the Yoast SEO plugin v27.5 - https:\/\/yoast.com\/product\/yoast-seo-wordpress\/ -->\n<title>Legal - Colis\u00e9e Groupe<\/title>\n<meta name=\"robots\" content=\"index, follow, max-snippet:-1, max-image-preview:large, max-video-preview:-1\" \/>\n<link rel=\"canonical\" href=\"https:\/\/www.colisee-group.com\/en\/legal\/\" \/>\n<meta property=\"og:locale\" content=\"en_US\" \/>\n<meta property=\"og:type\" content=\"article\" \/>\n<meta property=\"og:title\" content=\"Legal - Colis\u00e9e Groupe\" \/>\n<meta property=\"og:description\" content=\"Legal.\" \/>\n<meta property=\"og:url\" content=\"https:\/\/www.colisee-group.com\/en\/legal\/\" \/>\n<meta property=\"og:site_name\" content=\"Colis\u00e9e Groupe\" \/>\n<meta property=\"article:modified_time\" content=\"2024-05-03T14:13:42+00:00\" \/>\n<meta name=\"twitter:card\" content=\"summary_large_image\" \/>\n<meta name=\"twitter:label1\" content=\"Est. reading time\" \/>\n\t<meta name=\"twitter:data1\" content=\"1 minute\" \/>\n<script type=\"application\/ld+json\" class=\"yoast-schema-graph\">{\"@context\":\"https:\\\/\\\/schema.org\",\"@graph\":[{\"@type\":\"WebPage\",\"@id\":\"https:\\\/\\\/www.colisee-group.com\\\/en\\\/legal\\\/\",\"url\":\"https:\\\/\\\/www.colisee-group.com\\\/en\\\/legal\\\/\",\"name\":\"Legal - Colis\u00e9e Groupe\",\"isPartOf\":{\"@id\":\"https:\\\/\\\/www.colisee-group.com\\\/en\\\/#website\"},\"datePublished\":\"2023-09-11T12:18:30+00:00\",\"dateModified\":\"2024-05-03T14:13:42+00:00\",\"breadcrumb\":{\"@id\":\"https:\\\/\\\/www.colisee-group.com\\\/en\\\/legal\\\/#breadcrumb\"},\"inLanguage\":\"en-US\",\"potentialAction\":[{\"@type\":\"ReadAction\",\"target\":[\"https:\\\/\\\/www.colisee-group.com\\\/en\\\/legal\\\/\"]}]},{\"@type\":\"BreadcrumbList\",\"@id\":\"https:\\\/\\\/www.colisee-group.com\\\/en\\\/legal\\\/#breadcrumb\",\"itemListElement\":[{\"@type\":\"ListItem\",\"position\":1,\"name\":\"Home\",\"item\":\"https:\\\/\\\/www.colisee-group.com\\\/en\\\/\"},{\"@type\":\"ListItem\",\"position\":2,\"name\":\"Legal\"}]},{\"@type\":\"WebSite\",\"@id\":\"https:\\\/\\\/www.colisee-group.com\\\/en\\\/#website\",\"url\":\"https:\\\/\\\/www.colisee-group.com\\\/en\\\/\",\"name\":\"Colis\u00e9e Group\",\"description\":\"\",\"publisher\":{\"@id\":\"https:\\\/\\\/www.colisee-group.com\\\/en\\\/#organization\"},\"potentialAction\":[{\"@type\":\"SearchAction\",\"target\":{\"@type\":\"EntryPoint\",\"urlTemplate\":\"https:\\\/\\\/www.colisee-group.com\\\/en\\\/?s={search_term_string}\"},\"query-input\":{\"@type\":\"PropertyValueSpecification\",\"valueRequired\":true,\"valueName\":\"search_term_string\"}}],\"inLanguage\":\"en-US\"},{\"@type\":\"Organization\",\"@id\":\"https:\\\/\\\/www.colisee-group.com\\\/en\\\/#organization\",\"name\":\"Colis\u00e9e Group\",\"url\":\"https:\\\/\\\/www.colisee-group.com\\\/en\\\/\",\"logo\":{\"@type\":\"ImageObject\",\"inLanguage\":\"en-US\",\"@id\":\"https:\\\/\\\/www.colisee-group.com\\\/en\\\/#\\\/schema\\\/logo\\\/image\\\/\",\"url\":\"https:\\\/\\\/colisee-group.com\\\/wp-content\\\/uploads\\\/sites\\\/3\\\/2023\\\/10\\\/logo-colisee-baseline.png\",\"contentUrl\":\"https:\\\/\\\/colisee-group.com\\\/wp-content\\\/uploads\\\/sites\\\/3\\\/2023\\\/10\\\/logo-colisee-baseline.png\",\"width\":1151,\"height\":294,\"caption\":\"Colis\u00e9e Group\"},\"image\":{\"@id\":\"https:\\\/\\\/www.colisee-group.com\\\/en\\\/#\\\/schema\\\/logo\\\/image\\\/\"}}]}<\/script>\n<!-- \/ Yoast SEO plugin. -->","yoast_head_json":{"title":"Legal - Colis\u00e9e Groupe","robots":{"index":"index","follow":"follow","max-snippet":"max-snippet:-1","max-image-preview":"max-image-preview:large","max-video-preview":"max-video-preview:-1"},"canonical":"https:\/\/www.colisee-group.com\/en\/legal\/","og_locale":"en_US","og_type":"article","og_title":"Legal - Colis\u00e9e Groupe","og_description":"Legal.","og_url":"https:\/\/www.colisee-group.com\/en\/legal\/","og_site_name":"Colis\u00e9e Groupe","article_modified_time":"2024-05-03T14:13:42+00:00","twitter_card":"summary_large_image","twitter_misc":{"Est. reading time":"1 minute"},"schema":{"@context":"https:\/\/schema.org","@graph":[{"@type":"WebPage","@id":"https:\/\/www.colisee-group.com\/en\/legal\/","url":"https:\/\/www.colisee-group.com\/en\/legal\/","name":"Legal - Colis\u00e9e Groupe","isPartOf":{"@id":"https:\/\/www.colisee-group.com\/en\/#website"},"datePublished":"2023-09-11T12:18:30+00:00","dateModified":"2024-05-03T14:13:42+00:00","breadcrumb":{"@id":"https:\/\/www.colisee-group.com\/en\/legal\/#breadcrumb"},"inLanguage":"en-US","potentialAction":[{"@type":"ReadAction","target":["https:\/\/www.colisee-group.com\/en\/legal\/"]}]},{"@type":"BreadcrumbList","@id":"https:\/\/www.colisee-group.com\/en\/legal\/#breadcrumb","itemListElement":[{"@type":"ListItem","position":1,"name":"Home","item":"https:\/\/www.colisee-group.com\/en\/"},{"@type":"ListItem","position":2,"name":"Legal"}]},{"@type":"WebSite","@id":"https:\/\/www.colisee-group.com\/en\/#website","url":"https:\/\/www.colisee-group.com\/en\/","name":"Colis\u00e9e Group","description":"","publisher":{"@id":"https:\/\/www.colisee-group.com\/en\/#organization"},"potentialAction":[{"@type":"SearchAction","target":{"@type":"EntryPoint","urlTemplate":"https:\/\/www.colisee-group.com\/en\/?s={search_term_string}"},"query-input":{"@type":"PropertyValueSpecification","valueRequired":true,"valueName":"search_term_string"}}],"inLanguage":"en-US"},{"@type":"Organization","@id":"https:\/\/www.colisee-group.com\/en\/#organization","name":"Colis\u00e9e Group","url":"https:\/\/www.colisee-group.com\/en\/","logo":{"@type":"ImageObject","inLanguage":"en-US","@id":"https:\/\/www.colisee-group.com\/en\/#\/schema\/logo\/image\/","url":"https:\/\/colisee-group.com\/wp-content\/uploads\/sites\/3\/2023\/10\/logo-colisee-baseline.png","contentUrl":"https:\/\/colisee-group.com\/wp-content\/uploads\/sites\/3\/2023\/10\/logo-colisee-baseline.png","width":1151,"height":294,"caption":"Colis\u00e9e Group"},"image":{"@id":"https:\/\/www.colisee-group.com\/en\/#\/schema\/logo\/image\/"}}]}},"_links":{"self":[{"href":"https:\/\/www.colisee-group.com\/en\/wp-json\/wp\/v2\/pages\/1090","targetHints":{"allow":["GET"]}}],"collection":[{"href":"https:\/\/www.colisee-group.com\/en\/wp-json\/wp\/v2\/pages"}],"about":[{"href":"https:\/\/www.colisee-group.com\/en\/wp-json\/wp\/v2\/types\/page"}],"author":[{"embeddable":true,"href":"https:\/\/www.colisee-group.com\/en\/wp-json\/wp\/v2\/users\/1"}],"replies":[{"embeddable":true,"href":"https:\/\/www.colisee-group.com\/en\/wp-json\/wp\/v2\/comments?post=1090"}],"version-history":[{"count":7,"href":"https:\/\/www.colisee-group.com\/en\/wp-json\/wp\/v2\/pages\/1090\/revisions"}],"predecessor-version":[{"id":4056,"href":"https:\/\/www.colisee-group.com\/en\/wp-json\/wp\/v2\/pages\/1090\/revisions\/4056"}],"wp:attachment":[{"href":"https:\/\/www.colisee-group.com\/en\/wp-json\/wp\/v2\/media?parent=1090"}],"curies":[{"name":"wp","href":"https:\/\/api.w.org\/{rel}","templated":true}]}}